{"id":215,"date":"2021-12-27T19:55:13","date_gmt":"2021-12-27T18:55:13","guid":{"rendered":"https:\/\/podokreggorlice.pl\/?page_id=215"},"modified":"2024-07-16T19:52:36","modified_gmt":"2024-07-16T18:52:36","slug":"regulaminy","status":"publish","type":"page","link":"https:\/\/podokreggorlice.pl\/index.php\/regulaminy\/","title":{"rendered":"Regulaminy 2024\/2025"},"content":{"rendered":"\n<p class=\"has-black-color has-light-green-cyan-background-color has-text-color has-background has-link-color has-medium-font-size wp-elements-01f0babe6f839b9886255cf0d182af23\"><a href=\"https:\/\/www.mzpnkrakow.pl\/wp-content\/uploads\/2024\/07\/4liga_reg_2024_25_2.pdf\"><strong>Regulamin IV ligi i klas ni\u017cszych<\/strong><\/a><\/p>\n\n\n\n<p class=\"has-black-color has-luminous-vivid-amber-background-color has-text-color has-background has-link-color has-medium-font-size wp-elements-a226491fa2e03169104f5868a9bd1b10\"><strong><a href=\"https:\/\/www.mzpnkrakow.pl\/wp-content\/uploads\/2024\/07\/Reg_PP_2024_25.pdf\">Regulamin Pucharu Polski<\/a><\/strong><\/p>\n\n\n\n<p class=\"has-black-color has-light-green-cyan-background-color has-text-color has-background has-link-color has-medium-font-size wp-elements-ce6e3788a153b65f645013f84f0a1a13\"><strong><a href=\"https:\/\/www.mzpnkrakow.pl\/wp-content\/uploads\/2024\/07\/regMlodziez_2024-25.pdf\">Regulamin Rozgrywek M\u0142odzie\u017cowych<\/a><\/strong><\/p>\n\n\n\n<p class=\"has-black-color has-luminous-vivid-amber-background-color has-text-color has-background has-link-color has-medium-font-size wp-elements-e5fcb8a500491bbdda604a929549a7ca\"><strong><a href=\"https:\/\/www.mzpnkrakow.pl\/wp-content\/uploads\/2024\/05\/oplaty_2022-2023_23_20mar24_db3.pdf\">Uchwa\u0142a w sprawie wysoko\u015bci op\u0142at, kar pieni\u0119\u017cnych, rycza\u0142t\u00f3w transferowych,<br>kaucji oraz op\u0142at licencyjnych<\/a><\/strong><\/p>\n\n\n\n<p class=\"has-black-color has-light-green-cyan-background-color has-text-color has-background has-link-color has-medium-font-size wp-elements-7e2b3cca933d8ad995db3a923115c3f0\"><strong><a href=\"https:\/\/www.mzpnkrakow.pl\/wp-content\/uploads\/2024\/04\/reg_dysc_pzpn_18_04_2024.pdf\">Regulamin Dyscyplinarny PZPN<\/a><\/strong><\/p>\n","protected":false},"excerpt":{"rendered":"<p>Regulamin IV ligi i klas ni\u017cszych Regulamin Pucharu Polski Regulamin Rozgrywek M\u0142odzie\u017cowych Uchwa\u0142a w sprawie wysoko\u015bci op\u0142at, kar pieni\u0119\u017cnych, rycza\u0142t\u00f3w transferowych,kaucji oraz op\u0142at licencyjnych Regulamin Dyscyplinarny PZPN<\/p>\n","protected":false},"author":2,"featured_media":0,"parent":0,"menu_order":0,"comment_status":"closed","ping_status":"closed","template":"","meta":{"footnotes":""},"class_list":["post-215","page","type-page","status-publish","hentry"],"_links":{"self":[{"href":"https:\/\/podokreggorlice.pl\/index.php\/wp-json\/wp\/v2\/pages\/215","targetHints":{"allow":["GET"]}}],"collection":[{"href":"https:\/\/podokreggorlice.pl\/index.php\/wp-json\/wp\/v2\/pages"}],"about":[{"href":"https:\/\/podokreggorlice.pl\/index.php\/wp-json\/wp\/v2\/types\/page"}],"author":[{"embeddable":true,"href":"https:\/\/podokreggorlice.pl\/index.php\/wp-json\/wp\/v2\/users\/2"}],"replies":[{"embeddable":true,"href":"https:\/\/podokreggorlice.pl\/index.php\/wp-json\/wp\/v2\/comments?post=215"}],"version-history":[{"count":9,"href":"https:\/\/podokreggorlice.pl\/index.php\/wp-json\/wp\/v2\/pages\/215\/revisions"}],"predecessor-version":[{"id":2046,"href":"https:\/\/podokreggorlice.pl\/index.php\/wp-json\/wp\/v2\/pages\/215\/revisions\/2046"}],"wp:attachment":[{"href":"https:\/\/podokreggorlice.pl\/index.php\/wp-json\/wp\/v2\/media?parent=215"}],"curies":[{"name":"wp","href":"https:\/\/api.w.org\/{rel}","templated":true}]}}