{"id":205,"date":"2022-04-15T19:26:00","date_gmt":"2022-04-15T18:26:00","guid":{"rendered":"https:\/\/podokreggorlice.pl\/?page_id=205"},"modified":"2023-08-23T20:50:52","modified_gmt":"2023-08-23T19:50:52","slug":"keeza-klasa-a-tabela-sezon-2021-2022","status":"publish","type":"page","link":"https:\/\/podokreggorlice.pl\/index.php\/keeza-klasa-a-tabela-sezon-2021-2022\/","title":{"rendered":"Klasa A. Tabela &#8211; sezon 2023\/2024"},"content":{"rendered":"\n<p class=\"has-medium-font-size\">Wyniki oraz tabela aktualizowane na bie\u017c\u0105co zgodnie z systemem extranet PZPN dost\u0119pne s\u0105 pod adresem (poni\u017cej link z bezpo\u015brednim przekierowaniem):<br><a href=\"https:\/\/www.laczynaspilka.pl\/rozgrywki?season=2022%2F2023&amp;leagueGroup=63e0b91e-f2cc-4149-813b-ea9a77919385&amp;leagueId=59f21eb0-6b05-4af0-94c4-e665852cdf85&amp;subLeague=733f5b9c-9ade-4011-84c4-b08d35d170b3&amp;enumType=ZpnAndLeagueAndPlay&amp;group=80680a07-2ac6-4655-a9da-99cee95e40c5&amp;voivodeship=e0ca38b1-1dab-47c1-a077-f9d41970e0c5&amp;isAdvanceMode=false\" data-type=\"URL\" data-id=\"https:\/\/www.laczynaspilka.pl\/rozgrywki?season=2022%2F2023&amp;leagueGroup=63e0b91e-f2cc-4149-813b-ea9a77919385&amp;leagueId=59f21eb0-6b05-4af0-94c4-e665852cdf85&amp;subLeague=733f5b9c-9ade-4011-84c4-b08d35d170b3&amp;enumType=ZpnAndLeagueAndPlay&amp;group=80680a07-2ac6-4655-a9da-99cee95e40c5&amp;voivodeship=e0ca38b1-1dab-47c1-a077-f9d41970e0c5&amp;isAdvanceMode=false\">https:\/\/www.laczynaspilka.pl\/rozgrywki?season=2022%2F2023&amp;leagueGroup=63e0b91e-f2cc-4149-813b-ea9a77919385&amp;leagueId=59f21eb0-6b05-4af0-94c4-e665852cdf85&amp;subLeague=733f5b9c-9ade-4011-84c4-b08d35d170b3&amp;enumType=ZpnAndLeagueAndPlay&amp;group=80680a07-2ac6-4655-a9da-99cee95e40c5&amp;voivodeship=e0ca38b1-1dab-47c1-a077-f9d41970e0c5&amp;isAdvanceMode=false<\/a><\/p>\n","protected":false},"excerpt":{"rendered":"<p>Wyniki oraz tabela aktualizowane na bie\u017c\u0105co zgodnie z systemem extranet PZPN dost\u0119pne s\u0105 pod adresem (poni\u017cej link z bezpo\u015brednim przekierowaniem):https:\/\/www.laczynaspilka.pl\/rozgrywki?season=2022%2F2023&amp;leagueGroup=63e0b91e-f2cc-4149-813b-ea9a77919385&amp;leagueId=59f21eb0-6b05-4af0-94c4-e665852cdf85&amp;subLeague=733f5b9c-9ade-4011-84c4-b08d35d170b3&amp;enumType=ZpnAndLeagueAndPlay&amp;group=80680a07-2ac6-4655-a9da-99cee95e40c5&amp;voivodeship=e0ca38b1-1dab-47c1-a077-f9d41970e0c5&amp;isAdvanceMode=false<\/p>\n","protected":false},"author":2,"featured_media":0,"parent":0,"menu_order":0,"comment_status":"closed","ping_status":"closed","template":"","meta":{"footnotes":""},"class_list":["post-205","page","type-page","status-publish","hentry"],"_links":{"self":[{"href":"https:\/\/podokreggorlice.pl\/index.php\/wp-json\/wp\/v2\/pages\/205","targetHints":{"allow":["GET"]}}],"collection":[{"href":"https:\/\/podokreggorlice.pl\/index.php\/wp-json\/wp\/v2\/pages"}],"about":[{"href":"https:\/\/podokreggorlice.pl\/index.php\/wp-json\/wp\/v2\/types\/page"}],"author":[{"embeddable":true,"href":"https:\/\/podokreggorlice.pl\/index.php\/wp-json\/wp\/v2\/users\/2"}],"replies":[{"embeddable":true,"href":"https:\/\/podokreggorlice.pl\/index.php\/wp-json\/wp\/v2\/comments?post=205"}],"version-history":[{"count":22,"href":"https:\/\/podokreggorlice.pl\/index.php\/wp-json\/wp\/v2\/pages\/205\/revisions"}],"predecessor-version":[{"id":1519,"href":"https:\/\/podokreggorlice.pl\/index.php\/wp-json\/wp\/v2\/pages\/205\/revisions\/1519"}],"wp:attachment":[{"href":"https:\/\/podokreggorlice.pl\/index.php\/wp-json\/wp\/v2\/media?parent=205"}],"curies":[{"name":"wp","href":"https:\/\/api.w.org\/{rel}","templated":true}]}}