{"id":2017,"date":"2024-07-16T13:34:06","date_gmt":"2024-07-16T12:34:06","guid":{"rendered":"https:\/\/podokreggorlice.pl\/?page_id=2017"},"modified":"2025-11-19T08:22:58","modified_gmt":"2025-11-19T07:22:58","slug":"kolegium-sedziow","status":"publish","type":"page","link":"https:\/\/podokreggorlice.pl\/index.php\/kolegium-sedziow\/","title":{"rendered":"Kolegium S\u0119dzi\u00f3w"},"content":{"rendered":"\n<p>Zarz\u0105d Kolegium S\u0119dzi\u00f3w PPN Gorlice<\/p>\n\n\n\n<ul class=\"wp-block-list\">\n<li>Przemys\u0142aw Przyby\u0142owicz &#8211; Przewodnicz\u0105cy KS<\/li>\n\n\n\n<li>Piotr Firlit &#8211; vice Przewodnicz\u0105cy KS<\/li>\n\n\n\n<li>Kamil Gr\u0105dalski &#8211; referent szkolenia<\/li>\n\n\n\n<li>Gabriel Antoszak &#8211; referent obsady<\/li>\n\n\n\n<li>Wojciech Radzik &#8211; skarbnik KS <\/li>\n<\/ul>\n\n\n\n<p>S\u0119dziowie g\u0142\u00f3wni w klasach rozgrywkowych:<\/p>\n\n\n\n<p>IV liga<\/p>\n\n\n\n<ul class=\"wp-block-list\">\n<li> Pyznar Waldemar<\/li>\n<\/ul>\n\n\n\n<p>V liga<\/p>\n\n\n\n<ul class=\"wp-block-list\">\n<li>Maksymilian Firlit<\/li>\n\n\n\n<li>Kamil Gr\u0105dalski<\/li>\n<\/ul>\n\n\n\n<p>K&#8221;O&#8221;<\/p>\n\n\n\n<ul class=\"wp-block-list\">\n<li>Bogus\u0142aw Moro\u0144<\/li>\n\n\n\n<li>Gabriel Antoszak<\/li>\n\n\n\n<li>Stanis\u0142aw Wal<\/li>\n\n\n\n<li>Jakub Firlit<\/li>\n\n\n\n<li>Mateusz Firszt<\/li>\n\n\n\n<li>Dariusz Tutko<\/li>\n\n\n\n<li>Marcin G\u00f3rka<\/li>\n\n\n\n<li>Damian First<\/li>\n\n\n\n<li>Przemys\u0142aw Przyby\u0142owicz<\/li>\n<\/ul>\n\n\n\n<p>K&#8221;A&#8221;<\/p>\n\n\n\n<ul class=\"wp-block-list\">\n<li>Piotr Firlit<\/li>\n\n\n\n<li>Mariusz Wra\u017ce\u0144<\/li>\n\n\n\n<li>Jacek Alibo\u017cek<\/li>\n\n\n\n<li>Ewa Guzowska &#8211; G\u00f3rka<\/li>\n\n\n\n<li>Dominik Przyby\u0142owicz<\/li>\n\n\n\n<li>Wojciech Zakrzewski<\/li>\n\n\n\n<li>Jakub Kuzio<\/li>\n\n\n\n<li>Wojciech Radzik<\/li>\n\n\n\n<li>Mi\u0142osz Nogawka<\/li>\n\n\n\n<li>Arkadiusz Juszczak<\/li>\n<\/ul>\n\n\n\n<p>Pozostali s\u0119dziowie<\/p>\n\n\n\n<ul class=\"wp-block-list\">\n<li>\u0141ukasz Witek<\/li>\n\n\n\n<li>Mieczys\u0142aw Biskup<\/li>\n\n\n\n<li>Marian Wis\u0142ocki<\/li>\n\n\n\n<li>Roman Przepi\u00f3ra<\/li>\n\n\n\n<li>Marcin Szymczyk<\/li>\n\n\n\n<li>Dawid G\u0119barowski<\/li>\n\n\n\n<li>Kacper Dziki<\/li>\n\n\n\n<li>Mariusz Szura<\/li>\n\n\n\n<li>Micha\u0142 Szura<\/li>\n\n\n\n<li>Patrick Hudzik<\/li>\n\n\n\n<li>Eryk Wal<\/li>\n\n\n\n<li>Damian Bilski<\/li>\n\n\n\n<li>Oliwier G\u00f3rka<\/li>\n\n\n\n<li>Oskar Moro\u0144<\/li>\n<\/ul>\n","protected":false},"excerpt":{"rendered":"<p>Zarz\u0105d Kolegium S\u0119dzi\u00f3w PPN Gorlice S\u0119dziowie g\u0142\u00f3wni w klasach rozgrywkowych: IV liga V liga K&#8221;O&#8221; K&#8221;A&#8221; Pozostali s\u0119dziowie<\/p>\n","protected":false},"author":12,"featured_media":0,"parent":0,"menu_order":0,"comment_status":"closed","ping_status":"closed","template":"","meta":{"footnotes":""},"class_list":["post-2017","page","type-page","status-publish","hentry"],"_links":{"self":[{"href":"https:\/\/podokreggorlice.pl\/index.php\/wp-json\/wp\/v2\/pages\/2017","targetHints":{"allow":["GET"]}}],"collection":[{"href":"https:\/\/podokreggorlice.pl\/index.php\/wp-json\/wp\/v2\/pages"}],"about":[{"href":"https:\/\/podokreggorlice.pl\/index.php\/wp-json\/wp\/v2\/types\/page"}],"author":[{"embeddable":true,"href":"https:\/\/podokreggorlice.pl\/index.php\/wp-json\/wp\/v2\/users\/12"}],"replies":[{"embeddable":true,"href":"https:\/\/podokreggorlice.pl\/index.php\/wp-json\/wp\/v2\/comments?post=2017"}],"version-history":[{"count":8,"href":"https:\/\/podokreggorlice.pl\/index.php\/wp-json\/wp\/v2\/pages\/2017\/revisions"}],"predecessor-version":[{"id":2576,"href":"https:\/\/podokreggorlice.pl\/index.php\/wp-json\/wp\/v2\/pages\/2017\/revisions\/2576"}],"wp:attachment":[{"href":"https:\/\/podokreggorlice.pl\/index.php\/wp-json\/wp\/v2\/media?parent=2017"}],"curies":[{"name":"wp","href":"https:\/\/api.w.org\/{rel}","templated":true}]}}