{"id":144,"date":"2021-12-16T17:39:54","date_gmt":"2021-12-16T16:39:54","guid":{"rendered":"https:\/\/podokreggorlice.pl\/?page_id=144"},"modified":"2022-12-30T15:10:33","modified_gmt":"2022-12-30T14:10:33","slug":"o-nas","status":"publish","type":"page","link":"https:\/\/podokreggorlice.pl\/index.php\/o-nas\/","title":{"rendered":"Kr\u00f3tka historia podokr\u0119gu pi\u0142ki no\u017cnej Gorlice"},"content":{"rendered":"\n<p class=\"has-medium-font-size\">W styczniu 1997 roku z inicjatywy dzia\u0142aczy klub\u00f3w rejonu Gorlic, dosz\u0142o do spotkania na kt\u00f3rym postanowiono powo\u0142a\u0107 do \u017cycia Podokr\u0119g Pi\u0142ki No\u017cnej.<\/p>\n\n\n\n<p class=\"has-medium-font-size\">S\u0142usznie zauwa\u017cono, \u017ce sprawy gorlickich i okolicznych klub\u00f3w powinny by\u0107 rozstrzygane na miejscu a nie w Nowym S\u0105czu.<\/p>\n\n\n\n<p class=\"has-medium-font-size\"><strong>21.01.1997 uwa\u017cany jest za dat\u0119 utworzenia Gorlickiego Podokr\u0119gu Pi\u0142ki No\u017cnej.<\/strong><\/p>\n\n\n\n<p class=\"has-text-align-center has-medium-font-size\"><strong>Sk\u0142ad pierwszego zarz\u0105du:<\/strong><\/p>\n\n\n\n<p class=\"has-text-align-center has-medium-font-size\"><strong>Prezes Podokr\u0119gu<\/strong>&nbsp;\u2013 Stefan Mleczko<\/p>\n\n\n\n<p class=\"has-text-align-center has-medium-font-size\"><strong>V-ce prezes<\/strong>&nbsp;\u2013 Kazimierz Szura &nbsp; &nbsp; &nbsp; &nbsp; &nbsp; &nbsp; &nbsp; &nbsp; &nbsp; &nbsp; &nbsp; &nbsp; &nbsp;&nbsp;<strong>Sekretarz<\/strong>&nbsp;\u2013 Adam Niedziela<\/p>\n\n\n\n<p class=\"has-text-align-center has-medium-font-size\"><strong>Przedstawiciel rady trener\u00f3w<\/strong>&nbsp;\u2013 Jerzy Miedzi\u0144ski &nbsp; &nbsp;<\/p>\n\n\n\n<p class=\"has-text-align-center has-medium-font-size\">&nbsp;<strong>Przedst. Kolegium S\u0119dzi\u00f3w<\/strong>&nbsp;\u2013 Zbigniew Augustyn<\/p>\n\n\n\n<p class=\"has-text-align-center has-medium-font-size\"><strong>Cz\u0142onkowie zarz\u0105du:<\/strong><\/p>\n\n\n\n<p class=\"has-text-align-center has-medium-font-size\">Zbigniew Hajduk<\/p>\n\n\n\n<p class=\"has-text-align-center has-medium-font-size\">Zenon St\u0119pie\u0144<\/p>\n\n\n\n<p class=\"has-text-align-center has-medium-font-size\">Mieczys\u0142aw Kwa\u015bnik<\/p>\n\n\n\n<p class=\"has-text-align-center has-medium-font-size\">Marian Wis\u0142ocki<\/p>\n\n\n\n<p class=\"has-text-align-center has-medium-font-size\">Zbigniew Ludwin<\/p>\n\n\n\n<p class=\"has-text-align-center has-medium-font-size\">Marek Janik<\/p>\n","protected":false},"excerpt":{"rendered":"<p>W styczniu 1997 roku z inicjatywy dzia\u0142aczy klub\u00f3w rejonu Gorlic, dosz\u0142o do spotkania na kt\u00f3rym postanowiono powo\u0142a\u0107 do \u017cycia Podokr\u0119g Pi\u0142ki No\u017cnej. S\u0142usznie zauwa\u017cono, \u017ce sprawy gorlickich i okolicznych klub\u00f3w powinny by\u0107 rozstrzygane na miejscu a nie w Nowym S\u0105czu. 21.01.1997 uwa\u017cany jest za dat\u0119 utworzenia Gorlickiego Podokr\u0119gu Pi\u0142ki No\u017cnej. Sk\u0142ad pierwszego zarz\u0105du: Prezes Podokr\u0119gu&nbsp;\u2013 &hellip; <\/p>\n<p class=\"link-more\"><a href=\"https:\/\/podokreggorlice.pl\/index.php\/o-nas\/\" class=\"more-link\">Read More<span class=\"screen-reader-text\"> &#8222;Kr\u00f3tka historia podokr\u0119gu pi\u0142ki no\u017cnej Gorlice&#8221;<\/span><\/a><\/p>\n","protected":false},"author":1,"featured_media":0,"parent":0,"menu_order":0,"comment_status":"closed","ping_status":"closed","template":"","meta":{"footnotes":""},"class_list":["post-144","page","type-page","status-publish","hentry"],"_links":{"self":[{"href":"https:\/\/podokreggorlice.pl\/index.php\/wp-json\/wp\/v2\/pages\/144","targetHints":{"allow":["GET"]}}],"collection":[{"href":"https:\/\/podokreggorlice.pl\/index.php\/wp-json\/wp\/v2\/pages"}],"about":[{"href":"https:\/\/podokreggorlice.pl\/index.php\/wp-json\/wp\/v2\/types\/page"}],"author":[{"embeddable":true,"href":"https:\/\/podokreggorlice.pl\/index.php\/wp-json\/wp\/v2\/users\/1"}],"replies":[{"embeddable":true,"href":"https:\/\/podokreggorlice.pl\/index.php\/wp-json\/wp\/v2\/comments?post=144"}],"version-history":[{"count":3,"href":"https:\/\/podokreggorlice.pl\/index.php\/wp-json\/wp\/v2\/pages\/144\/revisions"}],"predecessor-version":[{"id":1106,"href":"https:\/\/podokreggorlice.pl\/index.php\/wp-json\/wp\/v2\/pages\/144\/revisions\/1106"}],"wp:attachment":[{"href":"https:\/\/podokreggorlice.pl\/index.php\/wp-json\/wp\/v2\/media?parent=144"}],"curies":[{"name":"wp","href":"https:\/\/api.w.org\/{rel}","templated":true}]}}