{"id":129,"date":"2021-12-09T15:25:47","date_gmt":"2021-12-09T14:25:47","guid":{"rendered":"https:\/\/podokreggorlice.pl\/?page_id=129"},"modified":"2021-12-09T15:25:47","modified_gmt":"2021-12-09T14:25:47","slug":"klauzula-informacyjna-rodo","status":"publish","type":"page","link":"https:\/\/podokreggorlice.pl\/index.php\/klauzula-informacyjna-rodo\/","title":{"rendered":"Klauzula Informacyjna RODO"},"content":{"rendered":"\n<p><strong>Zgodnie z art. 13 ust. 1 i ust. 2 Rozporz\u0105dzenia Parlamentu Europejskiego i Rady (UE) 2016\/679 z dnia 27<br>kwietnia 2016 r. w sprawie ochrony os\u00f3b fizycznych w zwi\u0105zku z przetwarzaniem danych osobowych i w<br>sprawie swobodnego przep\u0142ywu takich danych oraz uchylenia dyrektywy 95\/46\/WE, informuje i\u017c:<\/strong><\/p>\n\n\n\n<ol class=\"wp-block-list\"><li>Administratorem Pani\/Pana danych osobowych decyduj\u0105cy o celach i zakresach przetwarzanych danych<br>jest <strong>MA\u0141OPOLSKI ZWI\u0104ZEK PI\u0141KI NO\u017bNEJ W KRAKOWIE<\/strong>, ul. Solskiego 1, 31-216 Krak\u00f3w adres e-mail:<br><strong>biuro@mzpnkrakow.pl<\/strong><\/li><li>Administrator Danych Osobowych wyznaczy\u0142 Inspektora Ochrony Danych. Z Inspektorem Ochrony<br>Danych mo\u017cna si\u0119 skontaktowa\u0107 pod adresem e-mail: iod@mzpnkrakow.pl<\/li><li>Podstaw\u0105 przetwarzania Pani\/Pana danych osobowych jest zgoda osoby, kt\u00f3rej dane dotycz\u0105 lub<br>przepisy prawa.<\/li><li>Pani\/Pana dane osobowe przetwarzane b\u0119d\u0105 w celu niezb\u0119dnym do realizacji zada\u0144:<br>&#8211; Ustanowionych przez Ma\u0142opolski Zwi\u0105zek Pi\u0142ki No\u017cnej we wsp\u00f3\u0142zawodnictwie sportowym oraz<br>organizacyjnym, sportowym i dyscyplinarnym, zwi\u0105zanym z Pani\/Pana statusem w rodzinie pi\u0142karskiej \u2013 pi\u0142karz,<br>s\u0119dzia, trener, delegat, obserwator, agent pi\u0142karski, do organizowania rozgrywek pi\u0142ki no\u017cnej oraz kontrolowania i<br>nadzorowanie ich przebiegu, rozgrywanych w r\u00f3\u017cnych formach na terytorium Polski,<br>&#8211; W celach archiwizacyjnych (na podstawie art.7, Ustawy o rachunkowo\u015bci z dnia 29 wrze\u015bnia 1994 r.),<br>&#8211; W celu realizacji obowi\u0105zk\u00f3w podatkowych, w tym prowadzenie i przechowywanie ksi\u0105g podatkowych oraz<br>dokument\u00f3w zwi\u0105zanych z prowadzeniem ksi\u0105g podatkowych oraz przechowywania dowod\u00f3w ksi\u0119gowych<br>(podstaw\u0105 prawn\u0105 przetwarzania danych s\u0105 obowi\u0105zki prawne wynikaj\u0105ce z przepis\u00f3w podatkowych oraz<br>przepis\u00f3w o rachunkowo\u015bci),<br>&#8211; W celu realizacji uzasadnionych interes\u00f3w administratora jak: przechowywanie danych osobowych do cel\u00f3w<br>archiwalnych w interesie publicznym, prowadzenie analiz i zestawie\u0144 zwi\u0105zanych z organizowanymi rozgrywkami,<br>&#8211; W celu prowadzenia marketingu bezpo\u015bredniego zwi\u0105zanego z dzia\u0142alno\u015bci\u0105 Ma\u0142opolskiego ZPN.<\/li><li>Pani\/Pana dane b\u0119d\u0105 udost\u0119pniane jedynie podmiotom upowa\u017cnionym na podstawie przepis\u00f3w prawa.<\/li><li>Pani\/Pana dane b\u0119d\u0105 udost\u0119pniane (art. 4 pkt 9) organom publicznym, kt\u00f3re mog\u0105 otrzymywa\u0107 dane<br>osobowe w ramach konkretnego post\u0119powania zgodnie z prawem Unii lub prawem pa\u0144stwa<br>cz\u0142onkowskiego. Organy publiczne, kt\u00f3rym ujawnia si\u0119 dane osobowe w zwi\u0105zku z ich prawnym<br>obowi\u0105zkiem sprawowania funkcji publicznej to: organy podatkowe, organy celne, jednostki analityki<br>finansowej, niezale\u017cne organy administracyjne czy organy rynk\u00f3w finansowych, reguluj\u0105ce i nadzoruj\u0105ce<br>rynki papier\u00f3w warto\u015bciowych.<\/li><li>Odbiorcami Pani\/Pana danych mog\u0105 by\u0107:<br>&#8211; Polski Zwi\u0105zek Pi\u0142ki No\u017cnej,<br>&#8211; Mi\u0119dzynarodowe struktury pi\u0142ki no\u017cnej (UEFA, FIFA) oraz zagraniczne federacje pi\u0142karskie,<br>&#8211; Firmy ubezpieczeniowe, firmy kurierskie, przewozowe, pocztowe, transportowe,<br>&#8211; Podmioty prowadz\u0105ce dzia\u0142alno\u015b\u0107 lecznicz\u0105,<br>&#8211; Podmioty zewn\u0119trzne wspieraj\u0105ce Ma\u0142opolski ZPN \u015bwiadcz\u0105ce us\u0142ugi drog\u0105 elektroniczn\u0105, realizuj\u0105ce us\u0142ugi<br>informatyczne, konsultingowe lub audytowe, wsp\u00f3\u0142pracuj\u0105ce w ramach kampanii marketingowych.<\/li><li>Pani\/Pana dane osobowe b\u0119d\u0105 przetwarzane wy\u0142\u0105cznie na czas do ustania przyczyn tego przetwarzania<br>w tym do momentu wycofania zgody je\u015bli by\u0142a ona przes\u0142ank\u0105 legalizuj\u0105c\u0105 przetwarzanie oraz w<br>terminach wymaganych przez przepisy prawa.<\/li><li>Przys\u0142uguje Pani\/Panu prawo dost\u0119pu do tre\u015bci swoich danych osobowych, prawo \u017c\u0105dania poprawiania,<br>sprostowania, usuni\u0119cia lub ograniczenia przetwarzania tych danych oraz prawo do przenoszenia danych.<\/li><li>Ma Pani\/Pan prawo wniesienia skargi do organu nadzorczego, gdy uzna Pani\/Pan, \u017ce przetwarzanie<br>danych osobowych Pani\/Pana dotycz\u0105cych narusza przepisy.<\/li><li>Pani\/Pana dane osobowe mog\u0105 by\u0107 przekazywane do pa\u0144stw trzecich lub organizacji<br>mi\u0119dzynarodowych. W przypadkach wskazanego przekazania Ma\u0142opolski ZPN zastosuje odpowiednie<br>zabezpieczenia wymagane przez przepisy o ochronie danych osobowych oraz umo\u017cliwia uzyskanie kopii<br>danych przekazanych do pa\u0144stw trzecich.<\/li><li>Pani\/Pana dane nie b\u0119d\u0105 przetwarzane w spos\u00f3b zautomatyzowany, w tym r\u00f3wnie\u017c w formie<br>profilowania.<\/li><\/ol>\n","protected":false},"excerpt":{"rendered":"<p>Zgodnie z art. 13 ust. 1 i ust. 2 Rozporz\u0105dzenia Parlamentu Europejskiego i Rady (UE) 2016\/679 z dnia 27kwietnia 2016 r. w sprawie ochrony os\u00f3b fizycznych w zwi\u0105zku z przetwarzaniem danych osobowych i wsprawie swobodnego przep\u0142ywu takich danych oraz uchylenia dyrektywy 95\/46\/WE, informuje i\u017c: Administratorem Pani\/Pana danych osobowych decyduj\u0105cy o celach i zakresach przetwarzanych danychjest &hellip; <\/p>\n<p class=\"link-more\"><a href=\"https:\/\/podokreggorlice.pl\/index.php\/klauzula-informacyjna-rodo\/\" class=\"more-link\">Read More<span class=\"screen-reader-text\"> &#8222;Klauzula Informacyjna RODO&#8221;<\/span><\/a><\/p>\n","protected":false},"author":1,"featured_media":0,"parent":0,"menu_order":0,"comment_status":"closed","ping_status":"closed","template":"","meta":{"footnotes":""},"class_list":["post-129","page","type-page","status-publish","hentry"],"_links":{"self":[{"href":"https:\/\/podokreggorlice.pl\/index.php\/wp-json\/wp\/v2\/pages\/129","targetHints":{"allow":["GET"]}}],"collection":[{"href":"https:\/\/podokreggorlice.pl\/index.php\/wp-json\/wp\/v2\/pages"}],"about":[{"href":"https:\/\/podokreggorlice.pl\/index.php\/wp-json\/wp\/v2\/types\/page"}],"author":[{"embeddable":true,"href":"https:\/\/podokreggorlice.pl\/index.php\/wp-json\/wp\/v2\/users\/1"}],"replies":[{"embeddable":true,"href":"https:\/\/podokreggorlice.pl\/index.php\/wp-json\/wp\/v2\/comments?post=129"}],"version-history":[{"count":1,"href":"https:\/\/podokreggorlice.pl\/index.php\/wp-json\/wp\/v2\/pages\/129\/revisions"}],"predecessor-version":[{"id":130,"href":"https:\/\/podokreggorlice.pl\/index.php\/wp-json\/wp\/v2\/pages\/129\/revisions\/130"}],"wp:attachment":[{"href":"https:\/\/podokreggorlice.pl\/index.php\/wp-json\/wp\/v2\/media?parent=129"}],"curies":[{"name":"wp","href":"https:\/\/api.w.org\/{rel}","templated":true}]}}